{"id":24,"date":"2016-02-12T08:13:06","date_gmt":"2016-02-12T08:13:06","guid":{"rendered":"http:\/\/demos.famethemes.com\/onepress\/?page_id=24"},"modified":"2022-01-21T08:56:17","modified_gmt":"2022-01-21T07:56:17","slug":"kalendarz","status":"publish","type":"page","link":"https:\/\/yoga.priv.pl\/index.php\/kalendarz\/","title":{"rendered":""},"content":{"rendered":"<h4 class=\"collapseomatic noarrow\" id=\"id69e367a1b9105\"  tabindex=\"0\" alt=\"CLICK TO EXPAND\" title=\"CLICK TO EXPAND\"    >\u25bc KALENDARZ \u25bc<\/h4><div id=\"target-id69e367a1b9105\" class=\"collapseomatic_content \">\n<p style=\"text-align: center;\">Wkr\u00f3tce. Aby um\u00f3wi\u0107 sesj\u0119 &#8211; napisz na <a href=\"mailto:yoga.priv@gmail.com\">yoga.priv@gmail.com<\/a>.<\/p>\n<p><span style=\"color: #ffffff;\">.<\/span><br \/>\n<\/div>\n<h4 class=\"collapseomatic noarrow\" id=\"id69e367a1b915d\"  tabindex=\"0\" alt=\"CLICK TO EXPAND\" title=\"CLICK TO EXPAND\"    >\u25bc CALENDAR \u25bc<\/h4><div id=\"target-id69e367a1b915d\" class=\"collapseomatic_content \">\n<p style=\"text-align: center;\">Soon. Mail me at <a href=\"mailto:yoga.priv@gmail.com\">yoga.priv@gmail.com<\/a> to arrange a session.<\/p>\n<p><span style=\"color: #ffffff;\">.<\/span><br \/>\n<\/div>\n","protected":false},"excerpt":{"rendered":"<p>Morbi in sem quis dui placerat ornare. Pellentesque odio nisi euismod in pharetra a ultricies.<\/p>\n","protected":false},"author":2,"featured_media":1604,"parent":0,"menu_order":0,"comment_status":"closed","ping_status":"closed","template":"","meta":{"footnotes":""},"class_list":["post-24","page","type-page","status-publish","has-post-thumbnail","hentry"],"_links":{"self":[{"href":"https:\/\/yoga.priv.pl\/index.php\/wp-json\/wp\/v2\/pages\/24","targetHints":{"allow":["GET"]}}],"collection":[{"href":"https:\/\/yoga.priv.pl\/index.php\/wp-json\/wp\/v2\/pages"}],"about":[{"href":"https:\/\/yoga.priv.pl\/index.php\/wp-json\/wp\/v2\/types\/page"}],"author":[{"embeddable":true,"href":"https:\/\/yoga.priv.pl\/index.php\/wp-json\/wp\/v2\/users\/2"}],"replies":[{"embeddable":true,"href":"https:\/\/yoga.priv.pl\/index.php\/wp-json\/wp\/v2\/comments?post=24"}],"version-history":[{"count":83,"href":"https:\/\/yoga.priv.pl\/index.php\/wp-json\/wp\/v2\/pages\/24\/revisions"}],"predecessor-version":[{"id":1842,"href":"https:\/\/yoga.priv.pl\/index.php\/wp-json\/wp\/v2\/pages\/24\/revisions\/1842"}],"wp:featuredmedia":[{"embeddable":true,"href":"https:\/\/yoga.priv.pl\/index.php\/wp-json\/wp\/v2\/media\/1604"}],"wp:attachment":[{"href":"https:\/\/yoga.priv.pl\/index.php\/wp-json\/wp\/v2\/media?parent=24"}],"curies":[{"name":"wp","href":"https:\/\/api.w.org\/{rel}","templated":true}]}}