{"id":22,"date":"2016-02-12T08:11:05","date_gmt":"2016-02-12T08:11:05","guid":{"rendered":"http:\/\/demos.famethemes.com\/onepress\/?page_id=22"},"modified":"2023-11-23T08:52:29","modified_gmt":"2023-11-23T07:52:29","slug":"cennik","status":"publish","type":"page","link":"https:\/\/yoga.priv.pl\/index.php\/cennik\/","title":{"rendered":""},"content":{"rendered":"<h4 class=\"collapseomatic noarrow\" id=\"id69e367d286ce4\"  tabindex=\"0\" alt=\"KLIKNIJ BY ROZWIN\u0104\u0106\" title=\"KLIKNIJ BY ROZWIN\u0104\u0106\"    >\u25bc CENNIK + ZASADY \u25bc<\/h4><div id=\"target-id69e367d286ce4\" class=\"collapseomatic_content \">\n<p align=\"justify\">1. Wyj\u015bciowe ceny za sesj\u0119 90 minut z dojazdem do ucznia na terenie Warszawy to:<br \/>\n<span style=\"color: #ffffff\">.<\/span><br \/>\na. karnet \u201cjedna sesja 1 na 1\u201d wa\u017cny przez 10 dni \u2013 280 z\u0142<br \/>\nb. karnet \u201ctrzy sesje 1 na 1\u201d wa\u017cny przez 30 dni \u2013 780 z\u0142<br \/>\nc. karnet \u201cdziesi\u0119\u0107 sesji 1 na 1\u201d wa\u017cny przez 60 dni \u2013 2400 z\u0142<br \/>\n<span style=\"color: #ffffff\">.<\/span><br \/>\n2. Op\u0142aty za poszczeg\u00f3lne sesje s\u0105 ustalane indywidualnie i mog\u0105 ulec zmianie w zale\u017cno\u015bci od lokalizacji ucznia, godzin sesji, ew. konieczno\u015bci wynaj\u0119cia sali na sesj\u0119, etc.. Op\u0142aty za sesje nie uwzgl\u0119dniaj\u0105 ubezpieczenia ucznia, a nauczyciel nie ponosi odpowiedzialno\u015bci z tytu\u0142u nast\u0119pstw nieszcz\u0119\u015bliwych wypadk\u00f3w \u2013 ucze\u0144 mo\u017ce ubezpieczy\u0107 si\u0119 na koszt w\u0142asny w zakresie, jaki uzna za stosowny. Termin wa\u017cno\u015bci karnetu nie podlega przed\u0142u\u017ceniu. Po przekroczeniu terminu wa\u017cno\u015bci karnetu op\u0142aty za niewykorzystane sesje nie b\u0119d\u0105 zwracane. Udzia\u0142 w sesjach jest imienny. Karnety nie mog\u0105 byc\u0301 przekazywane osobom trzecim. Ucze\u0144 zobowia\u0328zuje sie\u0328 do podania swoich prawdziwych danych osobowych w celu zakupu karnetu.<br \/>\n<span style=\"color: #ffffff\">.<\/span><br \/>\n3. Sesje nale\u017cy zarezerwowa\u0107 z wyprzedzeniem nie mniejszym ni\u017c 3 dni, na podstawie dost\u0119pno\u015bci termin\u00f3w widocznej w kalendarzu na stronie https:\/\/yoga.priv.pl. Sesje mo\u017cna bezkosztowo odwo\u0142a\u0107 nie p\u00f3\u017aniej ni\u017c 24 godziny przed ich planowanym terminem; w innym wypadku ucze\u0144 zostanie obci\u0105\u017cony op\u0142at\u0105 w wysoko\u015bci 50% kosztu sesji, kt\u00f3r\u0105 odwo\u0142a\u0142. Zar\u00f3wno rezerwacja jak i ew. odwo\u0142anie sesji odbywa si\u0119 drog\u0105 mailow\u0105, przez adres <a href=\"mailto:yoga.priv@gmail.com\">yoga.priv@gmail.com<\/a> \u2013 prosz\u0119 pami\u0119ta\u0107, \u017ce jest to jedyny akceptowalny spos\u00f3b. Liczba dost\u0119pnych godzin pracy nauczyciela jest ograniczona. Uczni\u00f3w obowi\u0105zuje kolejno\u015b\u0107 zapis\u00f3w.<br \/>\n<span style=\"color: #ffffff\">.<\/span><br \/>\n4. Wszelkie wa\u017cne pytania lub informacje o stanie zdrowia nale\u017cy przesy\u0142a\u0107 drog\u0105 mailow\u0105 na adres <a href=\"mailto:yoga.priv@gmail.com\">yoga.priv@gmail.com<\/a> przed rozpocz\u0119ciem praktyki lub przed dan\u0105 sesj\u0105. Uczniowie otrzymaj\u0105 prywatny numer telefonu nauczyciela, ale jest on przeznaczony do ich u\u017cytku wy\u0142\u0105cznie w sytuacjach wyj\u0105tkowych i nag\u0142ych.<br \/>\n<span style=\"color: #ffffff;\">.<\/span><br \/>\n<\/div>\n<h4 class=\"collapseomatic noarrow\" id=\"id69e367d286d51\"  tabindex=\"0\" alt=\"CLICK TO EXPAND\" title=\"CLICK TO EXPAND\"    >\u25bc PRICES + RULES \u25bc<\/h4><div id=\"target-id69e367d286d51\" class=\"collapseomatic_content \">\n<\/p>\n<p align=\"justify\">1. Basic prices for a session at student\u2019s place in Warsaw area are:<br \/>\n<span style=\"color: #ffffff\">.<\/span><br \/>\na. \u201cone 1 on 1 session\u201d pass valid for 10 days \u2013 280 z\u0142<br \/>\nb. \u201cthree 1 on 1 sessions\u201d pass valid for 30 days \u2013 780 z\u0142<br \/>\nc. \u201cten 1 on 1 sessions\u201d pass valid for 60 days \u2013 2400 z\u0142<br \/>\n<span style=\"color: #ffffff\">.<\/span><br \/>\n2. Prices per each session are agreed individually and may vary depending on student\u2019s location, session hours, possible necessity of renting a place to conduct the session, etc.. Prices of sessions does not include insurance of students, and the teacher is not responsible for consequences of unfortunate accidents \u2013 students can insure themselves in a scope they see as adequate. Validity of passes can\u2019t be prolonged. After expiration of a given pass, unused session cost will not be repaid. Participation in session is personal,and passes can\u2019t be given or sold to third parties. Student obliges to state his true personal data while buying his pass.<br \/>\n<span style=\"color: #ffffff;\">.<\/span><br \/>\n3. Students should book sessions by e-mail at least 3 days in advance, based upon teacher\u2019s availability \u2013 as seen in calendar on https:\/\/yoga.priv.pl website. Students may cancel the session with no consequences not less than 24 hours before the settled date; otherwise, student shall bear 50% of cost of a session he cancelled. Both booking and cancelling must be done by e-mail through <a href=\"mailto:yoga.priv@gmail.com\">yoga.priv@gmail.com<\/a> \u2013 please remember, this is the only proper way to do it. Number of available working hours of teacher is limited, so in case of overlapping bookings, the order of entries applies.<br \/>\n<span style=\"color: #ffffff;\">.<\/span><br \/>\n4. If you have any questions or important information about your health condition, please e-mail them to <a href=\"mailto:yoga.priv@gmail.com\">yoga.priv@gmail.com<\/a> before we start our practice or before given session. Students will receive teacher\u2019s private mobile number, but it will be available for their use only in urgent and\/or emergency situations.<br \/>\n<span style=\"color: #ffffff;\">.<\/span><br \/>\n<\/div>\n","protected":false},"excerpt":{"rendered":"<p>PRICES, BOOKING, CANCELLATION<\/p>\n","protected":false},"author":2,"featured_media":1605,"parent":0,"menu_order":0,"comment_status":"closed","ping_status":"closed","template":"","meta":{"footnotes":""},"class_list":["post-22","page","type-page","status-publish","has-post-thumbnail","hentry"],"_links":{"self":[{"href":"https:\/\/yoga.priv.pl\/index.php\/wp-json\/wp\/v2\/pages\/22","targetHints":{"allow":["GET"]}}],"collection":[{"href":"https:\/\/yoga.priv.pl\/index.php\/wp-json\/wp\/v2\/pages"}],"about":[{"href":"https:\/\/yoga.priv.pl\/index.php\/wp-json\/wp\/v2\/types\/page"}],"author":[{"embeddable":true,"href":"https:\/\/yoga.priv.pl\/index.php\/wp-json\/wp\/v2\/users\/2"}],"replies":[{"embeddable":true,"href":"https:\/\/yoga.priv.pl\/index.php\/wp-json\/wp\/v2\/comments?post=22"}],"version-history":[{"count":33,"href":"https:\/\/yoga.priv.pl\/index.php\/wp-json\/wp\/v2\/pages\/22\/revisions"}],"predecessor-version":[{"id":2013,"href":"https:\/\/yoga.priv.pl\/index.php\/wp-json\/wp\/v2\/pages\/22\/revisions\/2013"}],"wp:featuredmedia":[{"embeddable":true,"href":"https:\/\/yoga.priv.pl\/index.php\/wp-json\/wp\/v2\/media\/1605"}],"wp:attachment":[{"href":"https:\/\/yoga.priv.pl\/index.php\/wp-json\/wp\/v2\/media?parent=22"}],"curies":[{"name":"wp","href":"https:\/\/api.w.org\/{rel}","templated":true}]}}