{"id":1663,"date":"2022-01-20T09:16:55","date_gmt":"2022-01-20T08:16:55","guid":{"rendered":"https:\/\/wordpress2064285.home.pl\/yoga1.priv.pl\/?page_id=1663"},"modified":"2022-01-21T08:56:08","modified_gmt":"2022-01-21T07:56:08","slug":"o-mnie","status":"publish","type":"page","link":"https:\/\/yoga.priv.pl\/index.php\/o-mnie\/","title":{"rendered":""},"content":{"rendered":"<h4 class=\"collapseomatic noarrow\" id=\"id69e366e709a34\"  tabindex=\"0\" alt=\"KLIKNIJ BY ROZWIN\u0104\u0106\" title=\"KLIKNIJ BY ROZWIN\u0104\u0106\"    >\u25bc O MNIE \u25bc<\/h4><div id=\"target-id69e366e709a34\" class=\"collapseomatic_content \">\n<p style=\"text-align: justify;\">Nazywam si\u0119 Sylwia Kowalska. Regularnie praktykuj\u0119 jog\u0119 od 2003 roku. Dzi\u0119ki wsparciu mojego ukochanego Partnera i motywacji ze strony przyjaci\u00f3\u0142, uko\u0144czy\u0142am kurs nauczyciela jogi (YTTC) w RAVVI\u2019S SCHOOL OF YOGA, INDIA. Zdoby\u0142am w ten spos\u00f3b certyfikat Yoga Alliance Professionals, uprawniaj\u0105cy mnie do bezpiecznego uczenia HATHA JOGI, MEDYTACJI, JOGI NIDRY i PRANAYAMY. Po dw\u00f3ch latach prowadzenia zaj\u0119\u0107 uzyska\u0142am kolejn\u0105 odznak\u0119 Yoga Alliance Professionals, potwierdzaj\u0105c\u0105 do\u015bwiadczenie w nauczaniu. Aby pog\u0142\u0119bi\u0107 wiedz\u0119, uko\u0144czy\u0142am te\u017c kilka dodatkowych kurs\u00f3w, zdobywaj\u0105c certyfikaty w dziedzinach takich jak THERAPEUTIC YOGA, HAND MUDRAS IN YOGA oraz YIN YOGA FOR FLEXIBILITY AND STRESS RELIEF. Nauka jogi si\u0119 nigdy nie ko\u0144czy, wi\u0119c sukcesywnie wzbogacam moje wykszta\u0142cenie \u2013 i na pewno nie jest to finalna wersja tej sekcji\u2026<\/p>\n<p><span style=\"color: #ffffff;\">.<\/span><br \/>\n<\/div>\n<h4 class=\"collapseomatic noarrow\" id=\"id69e366e709abd\"  tabindex=\"0\" alt=\"CLICK TO EXPAND\" title=\"CLICK TO EXPAND\"    >\u25bc ABOUT ME \u25bc<\/h4><div id=\"target-id69e366e709abd\" class=\"collapseomatic_content \">\n<p style=\"text-align: justify;\">My name is Sylwia Kowalska. I\u2019m practicing yoga on regular basis since 2003. Thanks to support of my beloved Partner and through motivation of my friends, I finished yoga teacher training course (YTTC) at RAVVI\u2019S SCHOOL OF YOGA, INDIA. This way I obtained Yoga Alliance Professionals certificate, empowering me to safely teach HATHA YOGA, MEDITATION, YOGA NIDRA and PRANAYAMA. After two years of teaching yoga classes I achieved another Yoga Alliance Professionals badge, confirming my teaching experience. To extend my knowledge, I also finished some additional courses, obtaining certificates in domains such as THERAPEUTIC YOGA, HAND MUDRAS IN YOGA and YIN YOGA FOR FLEXIBILITY AND STRESS RELIEF. As learning yoga never ends, I am successively expanding my education \u2013 so most definitely it\u2019s not the final version of this section\u2026<\/p>\n<p><span style=\"color: #ffffff;\">.<\/span><br \/>\n<\/div>\n","protected":false},"excerpt":{"rendered":"","protected":false},"author":1,"featured_media":1603,"parent":0,"menu_order":0,"comment_status":"closed","ping_status":"closed","template":"","meta":{"footnotes":""},"class_list":["post-1663","page","type-page","status-publish","has-post-thumbnail","hentry"],"_links":{"self":[{"href":"https:\/\/yoga.priv.pl\/index.php\/wp-json\/wp\/v2\/pages\/1663","targetHints":{"allow":["GET"]}}],"collection":[{"href":"https:\/\/yoga.priv.pl\/index.php\/wp-json\/wp\/v2\/pages"}],"about":[{"href":"https:\/\/yoga.priv.pl\/index.php\/wp-json\/wp\/v2\/types\/page"}],"author":[{"embeddable":true,"href":"https:\/\/yoga.priv.pl\/index.php\/wp-json\/wp\/v2\/users\/1"}],"replies":[{"embeddable":true,"href":"https:\/\/yoga.priv.pl\/index.php\/wp-json\/wp\/v2\/comments?post=1663"}],"version-history":[{"count":10,"href":"https:\/\/yoga.priv.pl\/index.php\/wp-json\/wp\/v2\/pages\/1663\/revisions"}],"predecessor-version":[{"id":1857,"href":"https:\/\/yoga.priv.pl\/index.php\/wp-json\/wp\/v2\/pages\/1663\/revisions\/1857"}],"wp:featuredmedia":[{"embeddable":true,"href":"https:\/\/yoga.priv.pl\/index.php\/wp-json\/wp\/v2\/media\/1603"}],"wp:attachment":[{"href":"https:\/\/yoga.priv.pl\/index.php\/wp-json\/wp\/v2\/media?parent=1663"}],"curies":[{"name":"wp","href":"https:\/\/api.w.org\/{rel}","templated":true}]}}